{"id":14,"date":"2024-05-28T11:28:28","date_gmt":"2024-05-28T09:28:28","guid":{"rendered":"https:\/\/diwas-sushi.de\/?page_id=14"},"modified":"2024-07-15T13:41:32","modified_gmt":"2024-07-15T11:41:32","slug":"impressum","status":"publish","type":"page","link":"https:\/\/diwas-sushi.de\/?page_id=14","title":{"rendered":"Impressum"},"content":{"rendered":"\t\t<div data-elementor-type=\"wp-page\" data-elementor-id=\"14\" class=\"elementor elementor-14\">\n\t\t\t\t<div class=\"elementor-element elementor-element-25b6a272 e-flex e-con-boxed e-con e-parent\" data-id=\"25b6a272\" data-element_type=\"container\">\n\t\t\t\t\t<div class=\"e-con-inner\">\n\t\t\t\t<div class=\"elementor-element elementor-element-2bac018d elementor-widget elementor-widget-text-editor\" data-id=\"2bac018d\" data-element_type=\"widget\" data-widget_type=\"text-editor.default\">\n\t\t\t\t<div class=\"elementor-widget-container\">\n\t\t\t<style>\/*! elementor - v3.21.0 - 26-05-2024 *\/\n.elementor-widget-text-editor.elementor-drop-cap-view-stacked .elementor-drop-cap{background-color:#69727d;color:#fff}.elementor-widget-text-editor.elementor-drop-cap-view-framed .elementor-drop-cap{color:#69727d;border:3px solid;background-color:transparent}.elementor-widget-text-editor:not(.elementor-drop-cap-view-default) .elementor-drop-cap{margin-top:8px}.elementor-widget-text-editor:not(.elementor-drop-cap-view-default) .elementor-drop-cap-letter{width:1em;height:1em}.elementor-widget-text-editor .elementor-drop-cap{float:left;text-align:center;line-height:1;font-size:50px}.elementor-widget-text-editor .elementor-drop-cap-letter{display:inline-block}<\/style>\t\t\t\t<!-- wp:paragraph -->\n<p class=\"wow fadeInUp\">Angaben gem\u00e4\u00df \u00a7 5 TMG<\/p>\n<p>Diwas Sushi Exclusives GmbH<br \/>Vizelinstra\u00dfe 8B<br \/>22529 Hamburg<\/p>\n<p>Vertreten durch: Diwas Shrestha<br \/><br \/>Telefon: 040 \/ 608 643 74<br \/>E-Mail: info@diwas-sushi.de<\/p>\n<p>Haftung f\u00fcr Inhalte<br \/>Als Diensteanbieter sind wir gem\u00e4\u00df \u00a7 7 Abs.1 TMG f\u00fcr eigene Inhalte auf diesen Seiten nach den allgemeinen Gesetzen verantwortlich. Nach \u00a7\u00a7 8 bis 10 TMG sind wir als Diensteanbieter jedoch nicht verpflichtet, \u00fcbermittelte oder gespeicherte fremde Informationen zu \u00fcberwachen oder nach Umst\u00e4nden zu forschen, die auf eine rechtswidrige T\u00e4tigkeit hinweisen.<\/p>\n<p>Verpflichtungen zur Entfernung oder Sperrung der Nutzung von Informationen nach den allgemeinen Gesetzen bleiben hiervon unber\u00fchrt. Eine diesbez\u00fcgliche Haftung ist jedoch erst ab dem Zeitpunkt der Kenntnis einer konkreten Rechtsverletzung m\u00f6glich. Bei Bekanntwerden von entsprechenden Rechtsverletzungen werden wir diese Inhalte umgehend entfernen.<\/p>\n<p>Haftung f\u00fcr Links<br \/>Unser Angebot enth\u00e4lt Links zu externen Websites Dritter, auf deren Inhalte wir keinen Einfluss haben. Deshalb k\u00f6nnen wir f\u00fcr diese fremden Inhalte auch keine Gew\u00e4hr \u00fcbernehmen. F\u00fcr die Inhalte der verlinkten Seiten ist stets der jeweilige Anbieter oder Betreiber der Seiten verantwortlich. Die verlinkten Seiten wurden zum Zeitpunkt der Verlinkung auf m\u00f6gliche Rechtsverst\u00f6\u00dfe \u00fcberpr\u00fcft. Rechtswidrige Inhalte waren zum Zeitpunkt der Verlinkung nicht erkennbar.<\/p>\n<p>Eine permanente inhaltliche Kontrolle der verlinkten Seiten ist jedoch ohne konkrete Anhaltspunkte einer Rechtsverletzung nicht zumutbar. Bei Bekanntwerden von Rechtsverletzungen werden wir derartige Links umgehend entfernen.<\/p>\n<p>Urheberrecht<br \/>Die durch die Seitenbetreiber erstellten Inhalte und Werke auf diesen Seiten unterliegen dem deutschen Urheberrecht. Die Vervielf\u00e4ltigung, Bearbeitung, Verbreitung und jede Art der Verwertung au\u00dferhalb der Grenzen des Urheberrechtes bed\u00fcrfen der schriftlichen Zustimmung des jeweiligen Autors bzw. Erstellers. Downloads und Kopien dieser Seite sind nur f\u00fcr den privaten, nicht kommerziellen Gebrauch gestattet.<\/p>\n<p>Soweit die Inhalte auf dieser Seite nicht vom Betreiber erstellt wurden, werden die Urheberrechte Dritter beachtet. Insbesondere werden Inhalte Dritter als solche gekennzeichnet. Sollten Sie trotzdem auf eine Urheberrechtsverletzung aufmerksam werden, bitten wir um einen entsprechenden Hinweis. Bei Bekanntwerden von Rechtsverletzungen werden wir derartige Inhalte umgehend entfernen.<\/p>\n<!-- \/wp:paragraph -->\t\t\t\t\t\t<\/div>\n\t\t\t\t<\/div>\n\t\t\t\t\t<\/div>\n\t\t\t\t<\/div>\n\t\t\t\t<\/div>\n\t\t","protected":false},"excerpt":{"rendered":"<p>Angaben gem\u00e4\u00df \u00a7 5 TMG Diwas Sushi Exclusives GmbHVizelinstra\u00dfe 8B22529 Hamburg Vertreten durch: Diwas Shrestha Telefon: 040 \/ 608 643 74E-Mail: info@diwas-sushi.de Haftung f\u00fcr InhalteAls Diensteanbieter sind wir gem\u00e4\u00df \u00a7 7 Abs.1 TMG f\u00fcr eigene Inhalte auf diesen Seiten nach den allgemeinen Gesetzen verantwortlich. Nach \u00a7\u00a7 8 bis 10 TMG sind wir als Diensteanbieter jedoch &#8230;<\/p>\n","protected":false},"author":1,"featured_media":1670,"parent":0,"menu_order":0,"comment_status":"closed","ping_status":"closed","template":"template-wide-content.php","meta":{"patiotime_single_page_hide_site_header":"","patiotime_single_page_site_header_source":"custom","patiotime_single_page_custom_site_header":"1477","patiotime_single_page_custom_sticky_site_header":"1485","patiotime_single_page_custom_page_title_margin_top_source":"","patiotime_single_page_custom_page_title_desktop_margin_top":"","patiotime_single_page_custom_page_title_tablet_margin_top":"","patiotime_single_page_custom_page_title_mobile_margin_top":"","patiotime_single_page_hide_page_title":"","patiotime_single_page_header_section_size":"","patiotime_single_page_header_background_color":"","patiotime_single_page_header_background_position_x":"center","patiotime_single_page_header_background_position_y":"center","patiotime_single_page_header_background_size":"cover","patiotime_single_page_header_background_repeat":"off","patiotime_single_page_header_background_scroll":"on","patiotime_single_page_header_text_color":"","patiotime_single_page_header_show_breadcrumb":"","patiotime_single_page_site_footer_hide_main":"","patiotime_single_custom_site_footer_main_source":"","patiotime_single_custom_site_footer_main":"0","patiotime_single_page_site_footer_hide_above":"","patiotime_single_custom_site_footer_above_source":"","patiotime_single_custom_site_footer_above":"0","patiotime_single_page_site_footer_hide_instagram":"","patiotime_single_page_site_footer_hide_bottom":"","patiotime_single_custom_mobile_menu_source":"custom","patiotime_single_custom_mobile_menu":"1558","patiotime_single_custom_mobile_menu_animation":"","patiotime_single_custom_mobile_menu_width":"","patiotime_single_custom_mobile_menu_custom_width":375,"footnotes":""},"class_list":["post-14","page","type-page","status-publish","has-post-thumbnail","hentry"],"yoast_head":"<!-- This site is optimized with the Yoast SEO plugin v25.7 - https:\/\/yoast.com\/wordpress\/plugins\/seo\/ -->\n<title>Impressum - Diwas Sushi Exclusives GmbH<\/title>\n<meta name=\"description\" content=\"Impressum der Diwas Sushi Exclusives GmbH Angaben gem\u00e4\u00df \u00a7 5 TMG Diwas Sushi Exclusives GmbH Vizelinstra\u00dfe 8B22529 Hamburg\" \/>\n<meta name=\"robots\" content=\"index, follow, max-snippet:-1, max-image-preview:large, max-video-preview:-1\" \/>\n<link rel=\"canonical\" href=\"https:\/\/diwas-sushi.de\/?page_id=14\" \/>\n<meta property=\"og:locale\" content=\"de_DE\" \/>\n<meta property=\"og:type\" content=\"article\" \/>\n<meta property=\"og:title\" content=\"Impressum - Diwas Sushi Exclusives GmbH\" \/>\n<meta property=\"og:description\" content=\"Impressum der Diwas Sushi Exclusives GmbH Angaben gem\u00e4\u00df \u00a7 5 TMG Diwas Sushi Exclusives GmbH Vizelinstra\u00dfe 8B22529 Hamburg\" \/>\n<meta property=\"og:url\" content=\"https:\/\/diwas-sushi.de\/?page_id=14\" \/>\n<meta property=\"og:site_name\" content=\"Diwas Sushi Exclusives GmbH\" \/>\n<meta property=\"article:modified_time\" content=\"2024-07-15T11:41:32+00:00\" \/>\n<meta property=\"og:image\" content=\"https:\/\/diwas-sushi.de\/wp-content\/uploads\/2024\/07\/diwasushionline.jpg\" \/>\n\t<meta property=\"og:image:width\" content=\"1920\" \/>\n\t<meta property=\"og:image:height\" content=\"1282\" \/>\n\t<meta property=\"og:image:type\" content=\"image\/jpeg\" \/>\n<meta name=\"twitter:card\" content=\"summary_large_image\" \/>\n<meta name=\"twitter:label1\" content=\"Gesch\u00e4tzte Lesezeit\" \/>\n\t<meta name=\"twitter:data1\" content=\"2\u00a0Minuten\" \/>\n<script type=\"application\/ld+json\" class=\"yoast-schema-graph\">{\"@context\":\"https:\/\/schema.org\",\"@graph\":[{\"@type\":\"WebPage\",\"@id\":\"https:\/\/diwas-sushi.de\/?page_id=14\",\"url\":\"https:\/\/diwas-sushi.de\/?page_id=14\",\"name\":\"Impressum - Diwas Sushi Exclusives GmbH\",\"isPartOf\":{\"@id\":\"https:\/\/diwas-sushi.de\/#website\"},\"primaryImageOfPage\":{\"@id\":\"https:\/\/diwas-sushi.de\/?page_id=14#primaryimage\"},\"image\":{\"@id\":\"https:\/\/diwas-sushi.de\/?page_id=14#primaryimage\"},\"thumbnailUrl\":\"https:\/\/diwas-sushi.de\/wp-content\/uploads\/2024\/07\/diwasushionline.jpg\",\"datePublished\":\"2024-05-28T09:28:28+00:00\",\"dateModified\":\"2024-07-15T11:41:32+00:00\",\"description\":\"Impressum der Diwas Sushi Exclusives GmbH Angaben gem\u00e4\u00df \u00a7 5 TMG Diwas Sushi Exclusives GmbH Vizelinstra\u00dfe 8B22529 Hamburg\",\"breadcrumb\":{\"@id\":\"https:\/\/diwas-sushi.de\/?page_id=14#breadcrumb\"},\"inLanguage\":\"de\",\"potentialAction\":[{\"@type\":\"ReadAction\",\"target\":[\"https:\/\/diwas-sushi.de\/?page_id=14\"]}]},{\"@type\":\"ImageObject\",\"inLanguage\":\"de\",\"@id\":\"https:\/\/diwas-sushi.de\/?page_id=14#primaryimage\",\"url\":\"https:\/\/diwas-sushi.de\/wp-content\/uploads\/2024\/07\/diwasushionline.jpg\",\"contentUrl\":\"https:\/\/diwas-sushi.de\/wp-content\/uploads\/2024\/07\/diwasushionline.jpg\",\"width\":1920,\"height\":1282,\"caption\":\"Diwas Sushi\"},{\"@type\":\"BreadcrumbList\",\"@id\":\"https:\/\/diwas-sushi.de\/?page_id=14#breadcrumb\",\"itemListElement\":[{\"@type\":\"ListItem\",\"position\":1,\"name\":\"Home\",\"item\":\"https:\/\/diwas-sushi.de\/\"},{\"@type\":\"ListItem\",\"position\":2,\"name\":\"Impressum\"}]},{\"@type\":\"WebSite\",\"@id\":\"https:\/\/diwas-sushi.de\/#website\",\"url\":\"https:\/\/diwas-sushi.de\/\",\"name\":\"Diwas Sushi Exclusives GmbH\",\"description\":\"Dein Sushi Lieferservice in Hamburg\",\"publisher\":{\"@id\":\"https:\/\/diwas-sushi.de\/#organization\"},\"potentialAction\":[{\"@type\":\"SearchAction\",\"target\":{\"@type\":\"EntryPoint\",\"urlTemplate\":\"https:\/\/diwas-sushi.de\/?s={search_term_string}\"},\"query-input\":{\"@type\":\"PropertyValueSpecification\",\"valueRequired\":true,\"valueName\":\"search_term_string\"}}],\"inLanguage\":\"de\"},{\"@type\":\"Organization\",\"@id\":\"https:\/\/diwas-sushi.de\/#organization\",\"name\":\"Diwas Sushi Exclusives GmbH\",\"url\":\"https:\/\/diwas-sushi.de\/\",\"logo\":{\"@type\":\"ImageObject\",\"inLanguage\":\"de\",\"@id\":\"https:\/\/diwas-sushi.de\/#\/schema\/logo\/image\/\",\"url\":\"https:\/\/diwas-sushi.de\/wp-content\/uploads\/2024\/06\/Diwas-Logo-Webformat-White.png\",\"contentUrl\":\"https:\/\/diwas-sushi.de\/wp-content\/uploads\/2024\/06\/Diwas-Logo-Webformat-White.png\",\"width\":2000,\"height\":2000,\"caption\":\"Diwas Sushi Exclusives GmbH\"},\"image\":{\"@id\":\"https:\/\/diwas-sushi.de\/#\/schema\/logo\/image\/\"}}]}<\/script>\n<!-- \/ Yoast SEO plugin. -->","yoast_head_json":{"title":"Impressum - Diwas Sushi Exclusives GmbH","description":"Impressum der Diwas Sushi Exclusives GmbH Angaben gem\u00e4\u00df \u00a7 5 TMG Diwas Sushi Exclusives GmbH Vizelinstra\u00dfe 8B22529 Hamburg","robots":{"index":"index","follow":"follow","max-snippet":"max-snippet:-1","max-image-preview":"max-image-preview:large","max-video-preview":"max-video-preview:-1"},"canonical":"https:\/\/diwas-sushi.de\/?page_id=14","og_locale":"de_DE","og_type":"article","og_title":"Impressum - Diwas Sushi Exclusives GmbH","og_description":"Impressum der Diwas Sushi Exclusives GmbH Angaben gem\u00e4\u00df \u00a7 5 TMG Diwas Sushi Exclusives GmbH Vizelinstra\u00dfe 8B22529 Hamburg","og_url":"https:\/\/diwas-sushi.de\/?page_id=14","og_site_name":"Diwas Sushi Exclusives GmbH","article_modified_time":"2024-07-15T11:41:32+00:00","og_image":[{"width":1920,"height":1282,"url":"https:\/\/diwas-sushi.de\/wp-content\/uploads\/2024\/07\/diwasushionline.jpg","type":"image\/jpeg"}],"twitter_card":"summary_large_image","twitter_misc":{"Gesch\u00e4tzte Lesezeit":"2\u00a0Minuten"},"schema":{"@context":"https:\/\/schema.org","@graph":[{"@type":"WebPage","@id":"https:\/\/diwas-sushi.de\/?page_id=14","url":"https:\/\/diwas-sushi.de\/?page_id=14","name":"Impressum - Diwas Sushi Exclusives GmbH","isPartOf":{"@id":"https:\/\/diwas-sushi.de\/#website"},"primaryImageOfPage":{"@id":"https:\/\/diwas-sushi.de\/?page_id=14#primaryimage"},"image":{"@id":"https:\/\/diwas-sushi.de\/?page_id=14#primaryimage"},"thumbnailUrl":"https:\/\/diwas-sushi.de\/wp-content\/uploads\/2024\/07\/diwasushionline.jpg","datePublished":"2024-05-28T09:28:28+00:00","dateModified":"2024-07-15T11:41:32+00:00","description":"Impressum der Diwas Sushi Exclusives GmbH Angaben gem\u00e4\u00df \u00a7 5 TMG Diwas Sushi Exclusives GmbH Vizelinstra\u00dfe 8B22529 Hamburg","breadcrumb":{"@id":"https:\/\/diwas-sushi.de\/?page_id=14#breadcrumb"},"inLanguage":"de","potentialAction":[{"@type":"ReadAction","target":["https:\/\/diwas-sushi.de\/?page_id=14"]}]},{"@type":"ImageObject","inLanguage":"de","@id":"https:\/\/diwas-sushi.de\/?page_id=14#primaryimage","url":"https:\/\/diwas-sushi.de\/wp-content\/uploads\/2024\/07\/diwasushionline.jpg","contentUrl":"https:\/\/diwas-sushi.de\/wp-content\/uploads\/2024\/07\/diwasushionline.jpg","width":1920,"height":1282,"caption":"Diwas Sushi"},{"@type":"BreadcrumbList","@id":"https:\/\/diwas-sushi.de\/?page_id=14#breadcrumb","itemListElement":[{"@type":"ListItem","position":1,"name":"Home","item":"https:\/\/diwas-sushi.de\/"},{"@type":"ListItem","position":2,"name":"Impressum"}]},{"@type":"WebSite","@id":"https:\/\/diwas-sushi.de\/#website","url":"https:\/\/diwas-sushi.de\/","name":"Diwas Sushi Exclusives GmbH","description":"Dein Sushi Lieferservice in Hamburg","publisher":{"@id":"https:\/\/diwas-sushi.de\/#organization"},"potentialAction":[{"@type":"SearchAction","target":{"@type":"EntryPoint","urlTemplate":"https:\/\/diwas-sushi.de\/?s={search_term_string}"},"query-input":{"@type":"PropertyValueSpecification","valueRequired":true,"valueName":"search_term_string"}}],"inLanguage":"de"},{"@type":"Organization","@id":"https:\/\/diwas-sushi.de\/#organization","name":"Diwas Sushi Exclusives GmbH","url":"https:\/\/diwas-sushi.de\/","logo":{"@type":"ImageObject","inLanguage":"de","@id":"https:\/\/diwas-sushi.de\/#\/schema\/logo\/image\/","url":"https:\/\/diwas-sushi.de\/wp-content\/uploads\/2024\/06\/Diwas-Logo-Webformat-White.png","contentUrl":"https:\/\/diwas-sushi.de\/wp-content\/uploads\/2024\/06\/Diwas-Logo-Webformat-White.png","width":2000,"height":2000,"caption":"Diwas Sushi Exclusives GmbH"},"image":{"@id":"https:\/\/diwas-sushi.de\/#\/schema\/logo\/image\/"}}]}},"_links":{"self":[{"href":"https:\/\/diwas-sushi.de\/index.php?rest_route=\/wp\/v2\/pages\/14","targetHints":{"allow":["GET"]}}],"collection":[{"href":"https:\/\/diwas-sushi.de\/index.php?rest_route=\/wp\/v2\/pages"}],"about":[{"href":"https:\/\/diwas-sushi.de\/index.php?rest_route=\/wp\/v2\/types\/page"}],"author":[{"embeddable":true,"href":"https:\/\/diwas-sushi.de\/index.php?rest_route=\/wp\/v2\/users\/1"}],"replies":[{"embeddable":true,"href":"https:\/\/diwas-sushi.de\/index.php?rest_route=%2Fwp%2Fv2%2Fcomments&post=14"}],"version-history":[{"count":8,"href":"https:\/\/diwas-sushi.de\/index.php?rest_route=\/wp\/v2\/pages\/14\/revisions"}],"predecessor-version":[{"id":1706,"href":"https:\/\/diwas-sushi.de\/index.php?rest_route=\/wp\/v2\/pages\/14\/revisions\/1706"}],"wp:featuredmedia":[{"embeddable":true,"href":"https:\/\/diwas-sushi.de\/index.php?rest_route=\/wp\/v2\/media\/1670"}],"wp:attachment":[{"href":"https:\/\/diwas-sushi.de\/index.php?rest_route=%2Fwp%2Fv2%2Fmedia&parent=14"}],"curies":[{"name":"wp","href":"https:\/\/api.w.org\/{rel}","templated":true}]}}